{"id":5435,"date":"2024-05-10T12:58:30","date_gmt":"2024-05-10T16:58:30","guid":{"rendered":"https:\/\/www.fleetcomplete.com\/api\/"},"modified":"2025-05-07T18:07:36","modified_gmt":"2025-05-07T22:07:36","slug":"api","status":"publish","type":"page","link":"https:\/\/www.fleetcomplete.com\/fr-ca\/api\/","title":{"rendered":"API"},"content":{"rendered":"\t\t<div data-elementor-type=\"wp-page\" data-elementor-id=\"5435\" class=\"elementor elementor-5435 elementor-3557\" data-elementor-settings=\"{&quot;ha_cmc_init_switcher&quot;:&quot;no&quot;}\" data-elementor-post-type=\"page\">\n\t\t\t\t<div class=\"elementor-element elementor-element-4d1b326 internal-header e-flex e-con-boxed e-con e-parent\" data-id=\"4d1b326\" data-element_type=\"container\" data-settings=\"{&quot;background_background&quot;:&quot;classic&quot;}\">\n\t\t\t\t\t<div class=\"e-con-inner\">\n\t\t<div class=\"elementor-element elementor-element-4ee42aa e-con-full e-flex e-con e-child\" data-id=\"4ee42aa\" data-element_type=\"container\">\n\t\t\t\t<div class=\"elementor-element elementor-element-1858203 elementor-widget__width-initial elementor-widget elementor-widget-heading\" data-id=\"1858203\" data-element_type=\"widget\" data-widget_type=\"heading.default\">\n\t\t\t\t<div class=\"elementor-widget-container\">\n\t\t\t\t\t<h1 class=\"elementor-heading-title elementor-size-default\">API du d\u00e9veloppeur<\/h1>\t\t\t\t<\/div>\n\t\t\t\t<\/div>\n\t\t\t\t<div class=\"elementor-element elementor-element-9684ead elementor-widget elementor-widget-heading\" data-id=\"9684ead\" data-element_type=\"widget\" data-widget_type=\"heading.default\">\n\t\t\t\t<div class=\"elementor-widget-container\">\n\t\t\t\t\t<h5 class=\"elementor-heading-title elementor-size-default\">B\u00e2tissez sur la technologie de Powerfleet (anciennement Fleet Complete) pour cr\u00e9er des solutions personnalis\u00e9es pour votre entreprise.<\/h5>\t\t\t\t<\/div>\n\t\t\t\t<\/div>\n\t\t\t\t<div class=\"elementor-element elementor-element-3423558 text-white elementor-widget elementor-widget-text-editor\" data-id=\"3423558\" data-element_type=\"widget\" data-widget_type=\"text-editor.default\">\n\t\t\t\t<div class=\"elementor-widget-container\">\n\t\t\t\t\t\t\t\t\t<p>Ces interfaces API standard sont fournies gratuitement \u00e0 nos clients de Powerfleet (anciennement Fleet Complete). Les questions li\u00e9es \u00e0 ces API doivent \u00eatre envoy\u00e9es \u00e0 <a class=\"link-white\" style=\"text-decoration: underline\" href=\"mailto:fcapi@fleetcomplete.com\">fcapi@fleetcomplete.com<\/a>.<\/p>\t\t\t\t\t\t\t\t<\/div>\n\t\t\t\t<\/div>\n\t\t\t\t<\/div>\n\t\t\t\t\t<\/div>\n\t\t\t\t<\/div>\n\t\t<div class=\"elementor-element elementor-element-b9e7c4e e-flex e-con-boxed e-con e-parent\" data-id=\"b9e7c4e\" data-element_type=\"container\" data-settings=\"{&quot;background_background&quot;:&quot;classic&quot;}\">\n\t\t\t\t\t<div class=\"e-con-inner\">\n\t\t\t\t<div class=\"elementor-element elementor-element-144cdf7 elementor-widget__width-initial elementor-widget elementor-widget-heading\" data-id=\"144cdf7\" data-element_type=\"widget\" data-widget_type=\"heading.default\">\n\t\t\t\t<div class=\"elementor-widget-container\">\n\t\t\t\t\t<h2 class=\"elementor-heading-title elementor-size-default\">D\u00e9couvrez l'API de Powerfleet (anciennement Fleet Complete) pour des am\u00e9liorations op\u00e9rationnelles suppl\u00e9mentaires <\/h2>\t\t\t\t<\/div>\n\t\t\t\t<\/div>\n\t\t<div class=\"elementor-element elementor-element-03bc7ab e-con-full e-flex e-con e-child\" data-id=\"03bc7ab\" data-element_type=\"container\">\n\t\t<div class=\"elementor-element elementor-element-358b94b e-con-full e-flex e-con e-child\" data-id=\"358b94b\" data-element_type=\"container\">\n\t\t\t\t<div class=\"elementor-element elementor-element-e1d8652 elementor-position-top elementor-widget elementor-widget-image-box\" data-id=\"e1d8652\" data-element_type=\"widget\" data-widget_type=\"image-box.default\">\n\t\t\t\t<div class=\"elementor-widget-container\">\n\t\t\t\t\t<div class=\"elementor-image-box-wrapper\"><figure class=\"elementor-image-box-img\"><img decoding=\"async\" src=\"https:\/\/www.fleetcomplete.com\/wp-content\/uploads\/2024\/04\/Compliance-icon-green.svg\" class=\"attachment-full size-full wp-image-8613\" alt=\"\" \/><\/figure><div class=\"elementor-image-box-content\"><h5 class=\"elementor-image-box-title\">Int\u00e9gration de l'API Unity<\/h5><p class=\"elementor-image-box-description\"> Pour acc\u00e9der aux interfaces API des d\u00e9veloppeurs et cr\u00e9er une cl\u00e9, veuillez visiter le site<br><br><a href=\"https:\/\/api.fleetcomplete.com\/\" target=\"_blank\" rel=\"noopener noreferrer\">Authentification des cl\u00e9s d'APIT<\/a><\/p><\/div><\/div>\t\t\t\t<\/div>\n\t\t\t\t<\/div>\n\t\t\t\t<\/div>\n\t\t\t\t<\/div>\n\t\t\t\t\t<\/div>\n\t\t\t\t<\/div>\n\t\t\t\t<\/div>\n\t\t","protected":false},"excerpt":{"rendered":"<p>API du d\u00e9veloppeur B\u00e2tissez sur la technologie de Powerfleet (anciennement Fleet Complete) pour cr\u00e9er des solutions personnalis\u00e9es pour votre entreprise. Ces interfaces API standard sont fournies gratuitement \u00e0 nos clients de Powerfleet (anciennement Fleet Complete). Les questions li\u00e9es \u00e0 ces API doivent \u00eatre envoy\u00e9es \u00e0 fcapi@fleetcomplete.com. D\u00e9couvrez l&rsquo;API de Powerfleet (anciennement Fleet Complete) pour des [&hellip;]<\/p>\n","protected":false},"author":1,"featured_media":5436,"parent":0,"menu_order":0,"comment_status":"closed","ping_status":"closed","template":"","meta":{"_acf_changed":false,"footnotes":""},"class_list":["post-5435","page","type-page","status-publish","has-post-thumbnail","hentry"],"acf":[],"yoast_head":"<!-- This site is optimized with the Yoast SEO plugin v26.2 - https:\/\/yoast.com\/wordpress\/plugins\/seo\/ -->\n<title>API des d\u00e9veloppeurs - Powerfleet (anciennement Fleet Complete)<\/title>\n<meta name=\"description\" content=\"Nos outils et ressources de d\u00e9veloppeur d\u2019API peuvent \u00eatre utilis\u00e9s pour aider \u00e0 \u00e9tablir des liens personnalis\u00e9s entre nos logiciels et les solutions de tiers.\" \/>\n<meta name=\"robots\" content=\"index, follow, max-snippet:-1, max-image-preview:large, max-video-preview:-1\" \/>\n<link rel=\"canonical\" href=\"https:\/\/www.fleetcomplete.com\/fr-ca\/api\/\" \/>\n<meta property=\"og:locale\" content=\"fr_CA\" \/>\n<meta property=\"og:type\" content=\"article\" \/>\n<meta property=\"og:title\" content=\"API des d\u00e9veloppeurs - Powerfleet (anciennement Fleet Complete)\" \/>\n<meta property=\"og:description\" content=\"Nos outils et ressources de d\u00e9veloppeur d\u2019API peuvent \u00eatre utilis\u00e9s pour aider \u00e0 \u00e9tablir des liens personnalis\u00e9s entre nos logiciels et les solutions de tiers.\" \/>\n<meta property=\"og:url\" content=\"https:\/\/www.fleetcomplete.com\/fr-ca\/api\/\" \/>\n<meta property=\"og:site_name\" content=\"Powerfleet (formerly Fleet Complete)\" \/>\n<meta property=\"article:publisher\" content=\"https:\/\/www.facebook.com\/FleetComplete\/\" \/>\n<meta property=\"article:modified_time\" content=\"2025-05-07T22:07:36+00:00\" \/>\n<meta property=\"og:image\" content=\"https:\/\/www.fleetcomplete.com\/wp-content\/uploads\/2024\/05\/Developer-API-Header-BG-1024x402.png\" \/>\n\t<meta property=\"og:image:width\" content=\"1024\" \/>\n\t<meta property=\"og:image:height\" content=\"402\" \/>\n\t<meta property=\"og:image:type\" content=\"image\/png\" \/>\n<meta name=\"twitter:card\" content=\"summary_large_image\" \/>\n<meta name=\"twitter:site\" content=\"@fleetcomplete\" \/>\n<script type=\"application\/ld+json\" class=\"yoast-schema-graph\">{\"@context\":\"https:\/\/schema.org\",\"@graph\":[{\"@type\":\"WebPage\",\"@id\":\"https:\/\/www.fleetcomplete.com\/fr-ca\/api\/\",\"url\":\"https:\/\/www.fleetcomplete.com\/fr-ca\/api\/\",\"name\":\"API des d\u00e9veloppeurs - Powerfleet (anciennement Fleet Complete)\",\"isPartOf\":{\"@id\":\"https:\/\/www.fleetcomplete.com\/fr-ca\/#website\"},\"primaryImageOfPage\":{\"@id\":\"https:\/\/www.fleetcomplete.com\/fr-ca\/api\/#primaryimage\"},\"image\":{\"@id\":\"https:\/\/www.fleetcomplete.com\/fr-ca\/api\/#primaryimage\"},\"thumbnailUrl\":\"https:\/\/www.fleetcomplete.com\/wp-content\/uploads\/2024\/05\/Developer-API-Header-BG.png\",\"datePublished\":\"2024-05-10T16:58:30+00:00\",\"dateModified\":\"2025-05-07T22:07:36+00:00\",\"description\":\"Nos outils et ressources de d\u00e9veloppeur d\u2019API peuvent \u00eatre utilis\u00e9s pour aider \u00e0 \u00e9tablir des liens personnalis\u00e9s entre nos logiciels et les solutions de tiers.\",\"breadcrumb\":{\"@id\":\"https:\/\/www.fleetcomplete.com\/fr-ca\/api\/#breadcrumb\"},\"inLanguage\":\"fr-CA\",\"potentialAction\":[{\"@type\":\"ReadAction\",\"target\":[\"https:\/\/www.fleetcomplete.com\/fr-ca\/api\/\"]}]},{\"@type\":\"ImageObject\",\"inLanguage\":\"fr-CA\",\"@id\":\"https:\/\/www.fleetcomplete.com\/fr-ca\/api\/#primaryimage\",\"url\":\"https:\/\/www.fleetcomplete.com\/wp-content\/uploads\/2024\/05\/Developer-API-Header-BG.png\",\"contentUrl\":\"https:\/\/www.fleetcomplete.com\/wp-content\/uploads\/2024\/05\/Developer-API-Header-BG.png\",\"width\":1919,\"height\":754,\"caption\":\"Developer API\"},{\"@type\":\"BreadcrumbList\",\"@id\":\"https:\/\/www.fleetcomplete.com\/fr-ca\/api\/#breadcrumb\",\"itemListElement\":[{\"@type\":\"ListItem\",\"position\":1,\"name\":\"Home\",\"item\":\"https:\/\/www.fleetcomplete.com\/fr-ca\/\"},{\"@type\":\"ListItem\",\"position\":2,\"name\":\"API\"}]},{\"@type\":\"WebSite\",\"@id\":\"https:\/\/www.fleetcomplete.com\/fr-ca\/#website\",\"url\":\"https:\/\/www.fleetcomplete.com\/fr-ca\/\",\"name\":\"Fleet Complete\",\"description\":\"One Platform. All Your Fleet Management Needs.\",\"publisher\":{\"@id\":\"https:\/\/www.fleetcomplete.com\/fr-ca\/#organization\"},\"potentialAction\":[{\"@type\":\"SearchAction\",\"target\":{\"@type\":\"EntryPoint\",\"urlTemplate\":\"https:\/\/www.fleetcomplete.com\/fr-ca\/?s={search_term_string}\"},\"query-input\":{\"@type\":\"PropertyValueSpecification\",\"valueRequired\":true,\"valueName\":\"search_term_string\"}}],\"inLanguage\":\"fr-CA\"},{\"@type\":\"Organization\",\"@id\":\"https:\/\/www.fleetcomplete.com\/fr-ca\/#organization\",\"name\":\"Fleet Complete\",\"alternateName\":\"Complete Innovations, Inc.\",\"url\":\"https:\/\/www.fleetcomplete.com\/fr-ca\/\",\"logo\":{\"@type\":\"ImageObject\",\"inLanguage\":\"fr-CA\",\"@id\":\"https:\/\/www.fleetcomplete.com\/fr-ca\/#\/schema\/logo\/image\/\",\"url\":\"https:\/\/www.fleetcomplete.com\/wp-content\/uploads\/2024\/12\/Favicon-300x300-px.png\",\"contentUrl\":\"https:\/\/www.fleetcomplete.com\/wp-content\/uploads\/2024\/12\/Favicon-300x300-px.png\",\"width\":300,\"height\":300,\"caption\":\"Fleet Complete\"},\"image\":{\"@id\":\"https:\/\/www.fleetcomplete.com\/fr-ca\/#\/schema\/logo\/image\/\"},\"sameAs\":[\"https:\/\/www.facebook.com\/FleetComplete\/\",\"https:\/\/x.com\/fleetcomplete\",\"https:\/\/www.linkedin.com\/company\/fleet-complete\",\"https:\/\/www.youtube.com\/channel\/UClWuYTa30kd_kMGWuX2RNGQ\"]}]}<\/script>\n<!-- \/ Yoast SEO plugin. -->","yoast_head_json":{"title":"API des d\u00e9veloppeurs - Powerfleet (anciennement Fleet Complete)","description":"Nos outils et ressources de d\u00e9veloppeur d\u2019API peuvent \u00eatre utilis\u00e9s pour aider \u00e0 \u00e9tablir des liens personnalis\u00e9s entre nos logiciels et les solutions de tiers.","robots":{"index":"index","follow":"follow","max-snippet":"max-snippet:-1","max-image-preview":"max-image-preview:large","max-video-preview":"max-video-preview:-1"},"canonical":"https:\/\/www.fleetcomplete.com\/fr-ca\/api\/","og_locale":"fr_CA","og_type":"article","og_title":"API des d\u00e9veloppeurs - Powerfleet (anciennement Fleet Complete)","og_description":"Nos outils et ressources de d\u00e9veloppeur d\u2019API peuvent \u00eatre utilis\u00e9s pour aider \u00e0 \u00e9tablir des liens personnalis\u00e9s entre nos logiciels et les solutions de tiers.","og_url":"https:\/\/www.fleetcomplete.com\/fr-ca\/api\/","og_site_name":"Powerfleet (formerly Fleet Complete)","article_publisher":"https:\/\/www.facebook.com\/FleetComplete\/","article_modified_time":"2025-05-07T22:07:36+00:00","og_image":[{"width":1024,"height":402,"url":"https:\/\/www.fleetcomplete.com\/wp-content\/uploads\/2024\/05\/Developer-API-Header-BG-1024x402.png","type":"image\/png"}],"twitter_card":"summary_large_image","twitter_site":"@fleetcomplete","schema":{"@context":"https:\/\/schema.org","@graph":[{"@type":"WebPage","@id":"https:\/\/www.fleetcomplete.com\/fr-ca\/api\/","url":"https:\/\/www.fleetcomplete.com\/fr-ca\/api\/","name":"API des d\u00e9veloppeurs - Powerfleet (anciennement Fleet Complete)","isPartOf":{"@id":"https:\/\/www.fleetcomplete.com\/fr-ca\/#website"},"primaryImageOfPage":{"@id":"https:\/\/www.fleetcomplete.com\/fr-ca\/api\/#primaryimage"},"image":{"@id":"https:\/\/www.fleetcomplete.com\/fr-ca\/api\/#primaryimage"},"thumbnailUrl":"https:\/\/www.fleetcomplete.com\/wp-content\/uploads\/2024\/05\/Developer-API-Header-BG.png","datePublished":"2024-05-10T16:58:30+00:00","dateModified":"2025-05-07T22:07:36+00:00","description":"Nos outils et ressources de d\u00e9veloppeur d\u2019API peuvent \u00eatre utilis\u00e9s pour aider \u00e0 \u00e9tablir des liens personnalis\u00e9s entre nos logiciels et les solutions de tiers.","breadcrumb":{"@id":"https:\/\/www.fleetcomplete.com\/fr-ca\/api\/#breadcrumb"},"inLanguage":"fr-CA","potentialAction":[{"@type":"ReadAction","target":["https:\/\/www.fleetcomplete.com\/fr-ca\/api\/"]}]},{"@type":"ImageObject","inLanguage":"fr-CA","@id":"https:\/\/www.fleetcomplete.com\/fr-ca\/api\/#primaryimage","url":"https:\/\/www.fleetcomplete.com\/wp-content\/uploads\/2024\/05\/Developer-API-Header-BG.png","contentUrl":"https:\/\/www.fleetcomplete.com\/wp-content\/uploads\/2024\/05\/Developer-API-Header-BG.png","width":1919,"height":754,"caption":"Developer API"},{"@type":"BreadcrumbList","@id":"https:\/\/www.fleetcomplete.com\/fr-ca\/api\/#breadcrumb","itemListElement":[{"@type":"ListItem","position":1,"name":"Home","item":"https:\/\/www.fleetcomplete.com\/fr-ca\/"},{"@type":"ListItem","position":2,"name":"API"}]},{"@type":"WebSite","@id":"https:\/\/www.fleetcomplete.com\/fr-ca\/#website","url":"https:\/\/www.fleetcomplete.com\/fr-ca\/","name":"Fleet Complete","description":"One Platform. All Your Fleet Management Needs.","publisher":{"@id":"https:\/\/www.fleetcomplete.com\/fr-ca\/#organization"},"potentialAction":[{"@type":"SearchAction","target":{"@type":"EntryPoint","urlTemplate":"https:\/\/www.fleetcomplete.com\/fr-ca\/?s={search_term_string}"},"query-input":{"@type":"PropertyValueSpecification","valueRequired":true,"valueName":"search_term_string"}}],"inLanguage":"fr-CA"},{"@type":"Organization","@id":"https:\/\/www.fleetcomplete.com\/fr-ca\/#organization","name":"Fleet Complete","alternateName":"Complete Innovations, Inc.","url":"https:\/\/www.fleetcomplete.com\/fr-ca\/","logo":{"@type":"ImageObject","inLanguage":"fr-CA","@id":"https:\/\/www.fleetcomplete.com\/fr-ca\/#\/schema\/logo\/image\/","url":"https:\/\/www.fleetcomplete.com\/wp-content\/uploads\/2024\/12\/Favicon-300x300-px.png","contentUrl":"https:\/\/www.fleetcomplete.com\/wp-content\/uploads\/2024\/12\/Favicon-300x300-px.png","width":300,"height":300,"caption":"Fleet Complete"},"image":{"@id":"https:\/\/www.fleetcomplete.com\/fr-ca\/#\/schema\/logo\/image\/"},"sameAs":["https:\/\/www.facebook.com\/FleetComplete\/","https:\/\/x.com\/fleetcomplete","https:\/\/www.linkedin.com\/company\/fleet-complete","https:\/\/www.youtube.com\/channel\/UClWuYTa30kd_kMGWuX2RNGQ"]}]}},"_links":{"self":[{"href":"https:\/\/www.fleetcomplete.com\/fr-ca\/wp-json\/wp\/v2\/pages\/5435","targetHints":{"allow":["GET"]}}],"collection":[{"href":"https:\/\/www.fleetcomplete.com\/fr-ca\/wp-json\/wp\/v2\/pages"}],"about":[{"href":"https:\/\/www.fleetcomplete.com\/fr-ca\/wp-json\/wp\/v2\/types\/page"}],"author":[{"embeddable":true,"href":"https:\/\/www.fleetcomplete.com\/fr-ca\/wp-json\/wp\/v2\/users\/1"}],"replies":[{"embeddable":true,"href":"https:\/\/www.fleetcomplete.com\/fr-ca\/wp-json\/wp\/v2\/comments?post=5435"}],"version-history":[{"count":0,"href":"https:\/\/www.fleetcomplete.com\/fr-ca\/wp-json\/wp\/v2\/pages\/5435\/revisions"}],"wp:featuredmedia":[{"embeddable":true,"href":"https:\/\/www.fleetcomplete.com\/fr-ca\/wp-json\/wp\/v2\/media\/5436"}],"wp:attachment":[{"href":"https:\/\/www.fleetcomplete.com\/fr-ca\/wp-json\/wp\/v2\/media?parent=5435"}],"curies":[{"name":"wp","href":"https:\/\/api.w.org\/{rel}","templated":true}]}}