{"id":5116,"date":"2024-05-10T18:12:25","date_gmt":"2024-05-10T22:12:25","guid":{"rendered":"https:\/\/www.fleetcomplete.com\/login\/"},"modified":"2025-05-08T18:15:57","modified_gmt":"2025-05-08T22:15:57","slug":"se-connecter","status":"publish","type":"page","link":"https:\/\/www.fleetcomplete.com\/fr-ca\/se-connecter\/","title":{"rendered":"Se connecter"},"content":{"rendered":"\t\t<div data-elementor-type=\"wp-page\" data-elementor-id=\"5116\" class=\"elementor elementor-5116 elementor-3563\" data-elementor-settings=\"{&quot;ha_cmc_init_switcher&quot;:&quot;no&quot;}\" data-elementor-post-type=\"page\">\n\t\t\t\t<div class=\"elementor-element elementor-element-cffbdb2 e-con-full internal-header e-flex e-con e-parent\" data-id=\"cffbdb2\" data-element_type=\"container\" data-settings=\"{&quot;background_background&quot;:&quot;classic&quot;}\">\n\t\t<div class=\"elementor-element elementor-element-cd3aaff margen-izq e-flex e-con-boxed e-con e-child\" data-id=\"cd3aaff\" data-element_type=\"container\" data-settings=\"{&quot;background_background&quot;:&quot;classic&quot;}\">\n\t\t\t\t\t<div class=\"e-con-inner\">\n\t\t<div class=\"elementor-element elementor-element-c1677de e-con-full e-flex e-con e-child\" data-id=\"c1677de\" data-element_type=\"container\">\n\t\t<div class=\"elementor-element elementor-element-172f346 e-con-full e-flex e-con e-child\" data-id=\"172f346\" data-element_type=\"container\">\n\t\t\t\t<div class=\"elementor-element elementor-element-bc48c49 elementor-widget elementor-widget-image\" data-id=\"bc48c49\" data-element_type=\"widget\" data-widget_type=\"image.default\">\n\t\t\t\t<div class=\"elementor-widget-container\">\n\t\t\t\t\t\t\t\t\t\t\t\t\t\t\t<img decoding=\"async\" width=\"174\" height=\"36\" src=\"https:\/\/www.fleetcomplete.com\/wp-content\/uploads\/2025\/04\/logo-white.svg\" class=\"attachment-large size-large wp-image-7678\" alt=\"Fleet Complete\" \/>\t\t\t\t\t\t\t\t\t\t\t\t\t\t\t<\/div>\n\t\t\t\t<\/div>\n\t\t\t\t<div class=\"elementor-element elementor-element-f7d25b9 text-white elementor-widget elementor-widget-text-editor\" data-id=\"f7d25b9\" data-element_type=\"widget\" data-widget_type=\"text-editor.default\">\n\t\t\t\t<div class=\"elementor-widget-container\">\n\t\t\t\t\t\t\t\t\t<p>Ouvrez une session en toute s\u00e9curit\u00e9 dans votre tableau de bord Powerfleet (anciennement Fleet Complete).<\/p>\t\t\t\t\t\t\t\t<\/div>\n\t\t\t\t<\/div>\n\t\t\t\t<div class=\"elementor-element elementor-element-2dfc084 btn-two elementor-align-left elementor-widget__width-initial elementor-mobile-align-left elementor-widget elementor-widget-button\" data-id=\"2dfc084\" data-element_type=\"widget\" data-widget_type=\"button.default\">\n\t\t\t\t<div class=\"elementor-widget-container\">\n\t\t\t\t\t\t\t\t\t<div class=\"elementor-button-wrapper\">\n\t\t\t\t\t<a class=\"elementor-button elementor-button-link elementor-size-sm\" href=\"https:\/\/app.fleetcomplete.com\" target=\"_blank\" rel=\"noopener\" noreferrer=\"\">\n\t\t\t\t\t\t<span class=\"elementor-button-content-wrapper\">\n\t\t\t\t\t\t\t\t\t<span class=\"elementor-button-text\">Se connecter<\/span>\n\t\t\t\t\t<\/span>\n\t\t\t\t\t<\/a>\n\t\t\t\t<\/div>\n\t\t\t\t\t\t\t\t<\/div>\n\t\t\t\t<\/div>\n\t\t\t\t<\/div>\n\t\t<div class=\"elementor-element elementor-element-b25a1c5 e-con-full e-flex e-con e-child\" data-id=\"b25a1c5\" data-element_type=\"container\">\n\t\t\t\t<div class=\"elementor-element elementor-element-60c1857 elementor-widget elementor-widget-image\" data-id=\"60c1857\" data-element_type=\"widget\" data-widget_type=\"image.default\">\n\t\t\t\t<div class=\"elementor-widget-container\">\n\t\t\t\t\t\t\t\t\t\t\t\t\t\t\t<img decoding=\"async\" width=\"98\" height=\"32\" src=\"https:\/\/www.fleetcomplete.com\/wp-content\/uploads\/2024\/05\/ATT-Logo.svg\" class=\"attachment-large size-large wp-image-5118\" alt=\"\" \/>\t\t\t\t\t\t\t\t\t\t\t\t\t\t\t<\/div>\n\t\t\t\t<\/div>\n\t\t\t\t<div class=\"elementor-element elementor-element-c9d8223 text-white elementor-widget elementor-widget-text-editor\" data-id=\"c9d8223\" data-element_type=\"widget\" data-widget_type=\"text-editor.default\">\n\t\t\t\t<div class=\"elementor-widget-container\">\n\t\t\t\t\t\t\t\t\tOuvrez une session s\u00e9curis\u00e9e dans votre tableau de bord AT&amp;T Fleet Complete.\t\t\t\t\t\t\t\t<\/div>\n\t\t\t\t<\/div>\n\t\t\t\t<div class=\"elementor-element elementor-element-39d45b2 btn-two elementor-align-left elementor-widget__width-initial elementor-mobile-align-left elementor-widget elementor-widget-button\" data-id=\"39d45b2\" data-element_type=\"widget\" data-widget_type=\"button.default\">\n\t\t\t\t<div class=\"elementor-widget-container\">\n\t\t\t\t\t\t\t\t\t<div class=\"elementor-button-wrapper\">\n\t\t\t\t\t<a class=\"elementor-button elementor-button-link elementor-size-sm\" href=\"https:\/\/att.app.fleetcomplete.com\" target=\"_blank\" rel=\"noopener\" noreferrer=\"\">\n\t\t\t\t\t\t<span class=\"elementor-button-content-wrapper\">\n\t\t\t\t\t\t\t\t\t<span class=\"elementor-button-text\">Se connecter<\/span>\n\t\t\t\t\t<\/span>\n\t\t\t\t\t<\/a>\n\t\t\t\t<\/div>\n\t\t\t\t\t\t\t\t<\/div>\n\t\t\t\t<\/div>\n\t\t\t\t<\/div>\n\t\t\t\t<\/div>\n\t\t<div class=\"elementor-element elementor-element-9b55879 e-con-full e-flex e-con e-child\" data-id=\"9b55879\" data-element_type=\"container\">\n\t\t<div class=\"elementor-element elementor-element-3e16b59 e-con-full e-flex e-con e-child\" data-id=\"3e16b59\" data-element_type=\"container\">\n\t\t\t\t<div class=\"elementor-element elementor-element-7c3ea1b elementor-widget elementor-widget-image\" data-id=\"7c3ea1b\" data-element_type=\"widget\" data-widget_type=\"image.default\">\n\t\t\t\t<div class=\"elementor-widget-container\">\n\t\t\t\t\t\t\t\t\t\t\t\t\t\t\t<img decoding=\"async\" width=\"154\" height=\"30\" src=\"https:\/\/www.fleetcomplete.com\/wp-content\/uploads\/2024\/05\/Telus-Logo.svg\" class=\"attachment-large size-large wp-image-5120\" alt=\"\" \/>\t\t\t\t\t\t\t\t\t\t\t\t\t\t\t<\/div>\n\t\t\t\t<\/div>\n\t\t\t\t<div class=\"elementor-element elementor-element-75c8946 text-white elementor-widget elementor-widget-text-editor\" data-id=\"75c8946\" data-element_type=\"widget\" data-widget_type=\"text-editor.default\">\n\t\t\t\t<div class=\"elementor-widget-container\">\n\t\t\t\t\t\t\t\t\tOuvrez une session en toute s\u00e9curit\u00e9 dans votre tableau de bord TELUS Fleet Complete.\t\t\t\t\t\t\t\t<\/div>\n\t\t\t\t<\/div>\n\t\t\t\t<div class=\"elementor-element elementor-element-92c68d3 btn-two elementor-align-left elementor-widget__width-initial elementor-mobile-align-left elementor-widget elementor-widget-button\" data-id=\"92c68d3\" data-element_type=\"widget\" data-widget_type=\"button.default\">\n\t\t\t\t<div class=\"elementor-widget-container\">\n\t\t\t\t\t\t\t\t\t<div class=\"elementor-button-wrapper\">\n\t\t\t\t\t<a class=\"elementor-button elementor-button-link elementor-size-sm\" href=\"https:\/\/telus.app.fleetcomplete.com\" target=\"_blank\" rel=\"noopener\" noreferrer=\"\">\n\t\t\t\t\t\t<span class=\"elementor-button-content-wrapper\">\n\t\t\t\t\t\t\t\t\t<span class=\"elementor-button-text\">Se connecter<\/span>\n\t\t\t\t\t<\/span>\n\t\t\t\t\t<\/a>\n\t\t\t\t<\/div>\n\t\t\t\t\t\t\t\t<\/div>\n\t\t\t\t<\/div>\n\t\t\t\t<\/div>\n\t\t<div class=\"elementor-element elementor-element-a8b0189 e-con-full e-flex e-con e-child\" data-id=\"a8b0189\" data-element_type=\"container\">\n\t\t\t\t<div class=\"elementor-element elementor-element-d537ebd elementor-widget elementor-widget-image\" data-id=\"d537ebd\" data-element_type=\"widget\" data-widget_type=\"image.default\">\n\t\t\t\t<div class=\"elementor-widget-container\">\n\t\t\t\t\t\t\t\t\t\t\t\t\t\t\t<img loading=\"lazy\" decoding=\"async\" width=\"149\" height=\"26\" src=\"https:\/\/www.fleetcomplete.com\/wp-content\/uploads\/2024\/05\/Rogers-Logo.svg\" class=\"attachment-large size-large wp-image-5119\" alt=\"\" \/>\t\t\t\t\t\t\t\t\t\t\t\t\t\t\t<\/div>\n\t\t\t\t<\/div>\n\t\t\t\t<div class=\"elementor-element elementor-element-70b28c1 text-white elementor-widget elementor-widget-text-editor\" data-id=\"70b28c1\" data-element_type=\"widget\" data-widget_type=\"text-editor.default\">\n\t\t\t\t<div class=\"elementor-widget-container\">\n\t\t\t\t\t\t\t\t\tOuvrez une session en toute s\u00e9curit\u00e9 dans votre tableau de bord ROGERS Fleet Complete.\t\t\t\t\t\t\t\t<\/div>\n\t\t\t\t<\/div>\n\t\t\t\t<div class=\"elementor-element elementor-element-c72580c btn-two elementor-align-left elementor-widget__width-initial elementor-mobile-align-left elementor-widget elementor-widget-button\" data-id=\"c72580c\" data-element_type=\"widget\" data-widget_type=\"button.default\">\n\t\t\t\t<div class=\"elementor-widget-container\">\n\t\t\t\t\t\t\t\t\t<div class=\"elementor-button-wrapper\">\n\t\t\t\t\t<a class=\"elementor-button elementor-button-link elementor-size-sm\" href=\"https:\/\/rogers.app.fleetcomplete.com\" target=\"_blank\" rel=\"noopener\" noreferrer=\"\">\n\t\t\t\t\t\t<span class=\"elementor-button-content-wrapper\">\n\t\t\t\t\t\t\t\t\t<span class=\"elementor-button-text\">Se connecter<\/span>\n\t\t\t\t\t<\/span>\n\t\t\t\t\t<\/a>\n\t\t\t\t<\/div>\n\t\t\t\t\t\t\t\t<\/div>\n\t\t\t\t<\/div>\n\t\t\t\t<\/div>\n\t\t\t\t<\/div>\n\t\t\t\t\t<\/div>\n\t\t\t\t<\/div>\n\t\t<div class=\"elementor-element elementor-element-567070b e-con-full elementor-hidden-mobile right-column e-flex e-con e-child\" data-id=\"567070b\" data-element_type=\"container\" data-settings=\"{&quot;background_background&quot;:&quot;classic&quot;}\">\n\t\t\t\t<\/div>\n\t\t\t\t<\/div>\n\t\t\t\t<\/div>\n\t\t","protected":false},"excerpt":{"rendered":"<p>Ouvrez une session en toute s\u00e9curit\u00e9 dans votre tableau de bord Powerfleet (anciennement Fleet Complete). Se connecter Ouvrez une session s\u00e9curis\u00e9e dans votre tableau de bord AT&amp;T Fleet Complete. Se connecter Ouvrez une session en toute s\u00e9curit\u00e9 dans votre tableau de bord TELUS Fleet Complete. Se connecter Ouvrez une session en toute s\u00e9curit\u00e9 dans votre [&hellip;]<\/p>\n","protected":false},"author":1,"featured_media":5121,"parent":0,"menu_order":0,"comment_status":"closed","ping_status":"closed","template":"","meta":{"_acf_changed":false,"footnotes":""},"class_list":["post-5116","page","type-page","status-publish","has-post-thumbnail","hentry"],"acf":[],"yoast_head":"<!-- This site is optimized with the Yoast SEO plugin v26.2 - https:\/\/yoast.com\/wordpress\/plugins\/seo\/ -->\n<title>Se connecter - Powerfleet (anciennement Fleet Complete)<\/title>\n<meta name=\"description\" content=\"Connectez-vous en toute s\u00e9curit\u00e9 \u00e0 votre tableau de bord Powerfleet (anciennement Fleet Complete). G\u00e9rez tous vos v\u00e9hicules et actifs sur une seule plateforme de gestion de flotte.\" \/>\n<meta name=\"robots\" content=\"index, follow, max-snippet:-1, max-image-preview:large, max-video-preview:-1\" \/>\n<link rel=\"canonical\" href=\"https:\/\/www.fleetcomplete.com\/fr-ca\/se-connecter\/\" \/>\n<meta property=\"og:locale\" content=\"fr_CA\" \/>\n<meta property=\"og:type\" content=\"article\" \/>\n<meta property=\"og:title\" content=\"Se connecter - Powerfleet (anciennement Fleet Complete)\" \/>\n<meta property=\"og:description\" content=\"Connectez-vous en toute s\u00e9curit\u00e9 \u00e0 votre tableau de bord Powerfleet (anciennement Fleet Complete). G\u00e9rez tous vos v\u00e9hicules et actifs sur une seule plateforme de gestion de flotte.\" \/>\n<meta property=\"og:url\" content=\"https:\/\/www.fleetcomplete.com\/fr-ca\/se-connecter\/\" \/>\n<meta property=\"og:site_name\" content=\"Powerfleet (formerly Fleet Complete)\" \/>\n<meta property=\"article:publisher\" content=\"https:\/\/www.facebook.com\/FleetComplete\/\" \/>\n<meta property=\"article:modified_time\" content=\"2025-05-08T22:15:57+00:00\" \/>\n<meta property=\"og:image\" content=\"https:\/\/www.fleetcomplete.com\/wp-content\/uploads\/2024\/05\/Subscripton-FAQ-BG-1024x931.png\" \/>\n\t<meta property=\"og:image:width\" content=\"1024\" \/>\n\t<meta property=\"og:image:height\" content=\"931\" \/>\n\t<meta property=\"og:image:type\" content=\"image\/png\" \/>\n<meta name=\"twitter:card\" content=\"summary_large_image\" \/>\n<meta name=\"twitter:site\" content=\"@fleetcomplete\" \/>\n<script type=\"application\/ld+json\" class=\"yoast-schema-graph\">{\"@context\":\"https:\/\/schema.org\",\"@graph\":[{\"@type\":\"WebPage\",\"@id\":\"https:\/\/www.fleetcomplete.com\/fr-ca\/se-connecter\/\",\"url\":\"https:\/\/www.fleetcomplete.com\/fr-ca\/se-connecter\/\",\"name\":\"Se connecter - Powerfleet (anciennement Fleet Complete)\",\"isPartOf\":{\"@id\":\"https:\/\/www.fleetcomplete.com\/fr-ca\/#website\"},\"primaryImageOfPage\":{\"@id\":\"https:\/\/www.fleetcomplete.com\/fr-ca\/se-connecter\/#primaryimage\"},\"image\":{\"@id\":\"https:\/\/www.fleetcomplete.com\/fr-ca\/se-connecter\/#primaryimage\"},\"thumbnailUrl\":\"https:\/\/www.fleetcomplete.com\/wp-content\/uploads\/2024\/05\/Subscripton-FAQ-BG.png\",\"datePublished\":\"2024-05-10T22:12:25+00:00\",\"dateModified\":\"2025-05-08T22:15:57+00:00\",\"description\":\"Connectez-vous en toute s\u00e9curit\u00e9 \u00e0 votre tableau de bord Powerfleet (anciennement Fleet Complete). G\u00e9rez tous vos v\u00e9hicules et actifs sur une seule plateforme de gestion de flotte.\",\"breadcrumb\":{\"@id\":\"https:\/\/www.fleetcomplete.com\/fr-ca\/se-connecter\/#breadcrumb\"},\"inLanguage\":\"fr-CA\",\"potentialAction\":[{\"@type\":\"ReadAction\",\"target\":[\"https:\/\/www.fleetcomplete.com\/fr-ca\/se-connecter\/\"]}]},{\"@type\":\"ImageObject\",\"inLanguage\":\"fr-CA\",\"@id\":\"https:\/\/www.fleetcomplete.com\/fr-ca\/se-connecter\/#primaryimage\",\"url\":\"https:\/\/www.fleetcomplete.com\/wp-content\/uploads\/2024\/05\/Subscripton-FAQ-BG.png\",\"contentUrl\":\"https:\/\/www.fleetcomplete.com\/wp-content\/uploads\/2024\/05\/Subscripton-FAQ-BG.png\",\"width\":1904,\"height\":1732},{\"@type\":\"BreadcrumbList\",\"@id\":\"https:\/\/www.fleetcomplete.com\/fr-ca\/se-connecter\/#breadcrumb\",\"itemListElement\":[{\"@type\":\"ListItem\",\"position\":1,\"name\":\"Home\",\"item\":\"https:\/\/www.fleetcomplete.com\/fr-ca\/\"},{\"@type\":\"ListItem\",\"position\":2,\"name\":\"Se connecter\"}]},{\"@type\":\"WebSite\",\"@id\":\"https:\/\/www.fleetcomplete.com\/fr-ca\/#website\",\"url\":\"https:\/\/www.fleetcomplete.com\/fr-ca\/\",\"name\":\"Fleet Complete\",\"description\":\"One Platform. All Your Fleet Management Needs.\",\"publisher\":{\"@id\":\"https:\/\/www.fleetcomplete.com\/fr-ca\/#organization\"},\"potentialAction\":[{\"@type\":\"SearchAction\",\"target\":{\"@type\":\"EntryPoint\",\"urlTemplate\":\"https:\/\/www.fleetcomplete.com\/fr-ca\/?s={search_term_string}\"},\"query-input\":{\"@type\":\"PropertyValueSpecification\",\"valueRequired\":true,\"valueName\":\"search_term_string\"}}],\"inLanguage\":\"fr-CA\"},{\"@type\":\"Organization\",\"@id\":\"https:\/\/www.fleetcomplete.com\/fr-ca\/#organization\",\"name\":\"Fleet Complete\",\"alternateName\":\"Complete Innovations, Inc.\",\"url\":\"https:\/\/www.fleetcomplete.com\/fr-ca\/\",\"logo\":{\"@type\":\"ImageObject\",\"inLanguage\":\"fr-CA\",\"@id\":\"https:\/\/www.fleetcomplete.com\/fr-ca\/#\/schema\/logo\/image\/\",\"url\":\"https:\/\/www.fleetcomplete.com\/wp-content\/uploads\/2024\/12\/Favicon-300x300-px.png\",\"contentUrl\":\"https:\/\/www.fleetcomplete.com\/wp-content\/uploads\/2024\/12\/Favicon-300x300-px.png\",\"width\":300,\"height\":300,\"caption\":\"Fleet Complete\"},\"image\":{\"@id\":\"https:\/\/www.fleetcomplete.com\/fr-ca\/#\/schema\/logo\/image\/\"},\"sameAs\":[\"https:\/\/www.facebook.com\/FleetComplete\/\",\"https:\/\/x.com\/fleetcomplete\",\"https:\/\/www.linkedin.com\/company\/fleet-complete\",\"https:\/\/www.youtube.com\/channel\/UClWuYTa30kd_kMGWuX2RNGQ\"]}]}<\/script>\n<!-- \/ Yoast SEO plugin. -->","yoast_head_json":{"title":"Se connecter - Powerfleet (anciennement Fleet Complete)","description":"Connectez-vous en toute s\u00e9curit\u00e9 \u00e0 votre tableau de bord Powerfleet (anciennement Fleet Complete). G\u00e9rez tous vos v\u00e9hicules et actifs sur une seule plateforme de gestion de flotte.","robots":{"index":"index","follow":"follow","max-snippet":"max-snippet:-1","max-image-preview":"max-image-preview:large","max-video-preview":"max-video-preview:-1"},"canonical":"https:\/\/www.fleetcomplete.com\/fr-ca\/se-connecter\/","og_locale":"fr_CA","og_type":"article","og_title":"Se connecter - Powerfleet (anciennement Fleet Complete)","og_description":"Connectez-vous en toute s\u00e9curit\u00e9 \u00e0 votre tableau de bord Powerfleet (anciennement Fleet Complete). G\u00e9rez tous vos v\u00e9hicules et actifs sur une seule plateforme de gestion de flotte.","og_url":"https:\/\/www.fleetcomplete.com\/fr-ca\/se-connecter\/","og_site_name":"Powerfleet (formerly Fleet Complete)","article_publisher":"https:\/\/www.facebook.com\/FleetComplete\/","article_modified_time":"2025-05-08T22:15:57+00:00","og_image":[{"width":1024,"height":931,"url":"https:\/\/www.fleetcomplete.com\/wp-content\/uploads\/2024\/05\/Subscripton-FAQ-BG-1024x931.png","type":"image\/png"}],"twitter_card":"summary_large_image","twitter_site":"@fleetcomplete","schema":{"@context":"https:\/\/schema.org","@graph":[{"@type":"WebPage","@id":"https:\/\/www.fleetcomplete.com\/fr-ca\/se-connecter\/","url":"https:\/\/www.fleetcomplete.com\/fr-ca\/se-connecter\/","name":"Se connecter - Powerfleet (anciennement Fleet Complete)","isPartOf":{"@id":"https:\/\/www.fleetcomplete.com\/fr-ca\/#website"},"primaryImageOfPage":{"@id":"https:\/\/www.fleetcomplete.com\/fr-ca\/se-connecter\/#primaryimage"},"image":{"@id":"https:\/\/www.fleetcomplete.com\/fr-ca\/se-connecter\/#primaryimage"},"thumbnailUrl":"https:\/\/www.fleetcomplete.com\/wp-content\/uploads\/2024\/05\/Subscripton-FAQ-BG.png","datePublished":"2024-05-10T22:12:25+00:00","dateModified":"2025-05-08T22:15:57+00:00","description":"Connectez-vous en toute s\u00e9curit\u00e9 \u00e0 votre tableau de bord Powerfleet (anciennement Fleet Complete). G\u00e9rez tous vos v\u00e9hicules et actifs sur une seule plateforme de gestion de flotte.","breadcrumb":{"@id":"https:\/\/www.fleetcomplete.com\/fr-ca\/se-connecter\/#breadcrumb"},"inLanguage":"fr-CA","potentialAction":[{"@type":"ReadAction","target":["https:\/\/www.fleetcomplete.com\/fr-ca\/se-connecter\/"]}]},{"@type":"ImageObject","inLanguage":"fr-CA","@id":"https:\/\/www.fleetcomplete.com\/fr-ca\/se-connecter\/#primaryimage","url":"https:\/\/www.fleetcomplete.com\/wp-content\/uploads\/2024\/05\/Subscripton-FAQ-BG.png","contentUrl":"https:\/\/www.fleetcomplete.com\/wp-content\/uploads\/2024\/05\/Subscripton-FAQ-BG.png","width":1904,"height":1732},{"@type":"BreadcrumbList","@id":"https:\/\/www.fleetcomplete.com\/fr-ca\/se-connecter\/#breadcrumb","itemListElement":[{"@type":"ListItem","position":1,"name":"Home","item":"https:\/\/www.fleetcomplete.com\/fr-ca\/"},{"@type":"ListItem","position":2,"name":"Se connecter"}]},{"@type":"WebSite","@id":"https:\/\/www.fleetcomplete.com\/fr-ca\/#website","url":"https:\/\/www.fleetcomplete.com\/fr-ca\/","name":"Fleet Complete","description":"One Platform. All Your Fleet Management Needs.","publisher":{"@id":"https:\/\/www.fleetcomplete.com\/fr-ca\/#organization"},"potentialAction":[{"@type":"SearchAction","target":{"@type":"EntryPoint","urlTemplate":"https:\/\/www.fleetcomplete.com\/fr-ca\/?s={search_term_string}"},"query-input":{"@type":"PropertyValueSpecification","valueRequired":true,"valueName":"search_term_string"}}],"inLanguage":"fr-CA"},{"@type":"Organization","@id":"https:\/\/www.fleetcomplete.com\/fr-ca\/#organization","name":"Fleet Complete","alternateName":"Complete Innovations, Inc.","url":"https:\/\/www.fleetcomplete.com\/fr-ca\/","logo":{"@type":"ImageObject","inLanguage":"fr-CA","@id":"https:\/\/www.fleetcomplete.com\/fr-ca\/#\/schema\/logo\/image\/","url":"https:\/\/www.fleetcomplete.com\/wp-content\/uploads\/2024\/12\/Favicon-300x300-px.png","contentUrl":"https:\/\/www.fleetcomplete.com\/wp-content\/uploads\/2024\/12\/Favicon-300x300-px.png","width":300,"height":300,"caption":"Fleet Complete"},"image":{"@id":"https:\/\/www.fleetcomplete.com\/fr-ca\/#\/schema\/logo\/image\/"},"sameAs":["https:\/\/www.facebook.com\/FleetComplete\/","https:\/\/x.com\/fleetcomplete","https:\/\/www.linkedin.com\/company\/fleet-complete","https:\/\/www.youtube.com\/channel\/UClWuYTa30kd_kMGWuX2RNGQ"]}]}},"_links":{"self":[{"href":"https:\/\/www.fleetcomplete.com\/fr-ca\/wp-json\/wp\/v2\/pages\/5116","targetHints":{"allow":["GET"]}}],"collection":[{"href":"https:\/\/www.fleetcomplete.com\/fr-ca\/wp-json\/wp\/v2\/pages"}],"about":[{"href":"https:\/\/www.fleetcomplete.com\/fr-ca\/wp-json\/wp\/v2\/types\/page"}],"author":[{"embeddable":true,"href":"https:\/\/www.fleetcomplete.com\/fr-ca\/wp-json\/wp\/v2\/users\/1"}],"replies":[{"embeddable":true,"href":"https:\/\/www.fleetcomplete.com\/fr-ca\/wp-json\/wp\/v2\/comments?post=5116"}],"version-history":[{"count":0,"href":"https:\/\/www.fleetcomplete.com\/fr-ca\/wp-json\/wp\/v2\/pages\/5116\/revisions"}],"wp:featuredmedia":[{"embeddable":true,"href":"https:\/\/www.fleetcomplete.com\/fr-ca\/wp-json\/wp\/v2\/media\/5121"}],"wp:attachment":[{"href":"https:\/\/www.fleetcomplete.com\/fr-ca\/wp-json\/wp\/v2\/media?parent=5116"}],"curies":[{"name":"wp","href":"https:\/\/api.w.org\/{rel}","templated":true}]}}