{"id":6508,"date":"2024-05-19T10:40:17","date_gmt":"2024-05-19T14:40:17","guid":{"rendered":"https:\/\/www.fleetcomplete.com\/?page_id=6508"},"modified":"2025-08-21T10:42:47","modified_gmt":"2025-08-21T14:42:47","slug":"industria","status":"publish","type":"page","link":"https:\/\/www.fleetcomplete.com\/es\/industria\/","title":{"rendered":"Industrias"},"content":{"rendered":"\t\t<div data-elementor-type=\"wp-page\" data-elementor-id=\"6508\" class=\"elementor elementor-6508 elementor-3917\" data-elementor-settings=\"{&quot;ha_cmc_init_switcher&quot;:&quot;no&quot;}\" data-elementor-post-type=\"page\">\n\t\t\t\t<div class=\"elementor-element elementor-element-825db74 internal-header e-flex e-con-boxed e-con e-parent\" data-id=\"825db74\" data-element_type=\"container\" data-settings=\"{&quot;background_background&quot;:&quot;classic&quot;}\">\n\t\t\t\t\t<div class=\"e-con-inner\">\n\t\t<div class=\"elementor-element elementor-element-a9e54c6 e-con-full e-flex e-con e-child\" data-id=\"a9e54c6\" data-element_type=\"container\">\n\t\t\t\t<div class=\"elementor-element elementor-element-027b725 elementor-widget__width-initial elementor-widget elementor-widget-heading\" data-id=\"027b725\" data-element_type=\"widget\" data-widget_type=\"heading.default\">\n\t\t\t\t<div class=\"elementor-widget-container\">\n\t\t\t\t\t<h1 class=\"elementor-heading-title elementor-size-default\">Fleet Complete ofrece la pr\u00f3xima generaci\u00f3n de soluciones de flotas conectadas. \n<\/h1>\t\t\t\t<\/div>\n\t\t\t\t<\/div>\n\t\t\t\t<div class=\"elementor-element elementor-element-c26e30d elementor-widget__width-initial elementor-widget elementor-widget-text-editor\" data-id=\"c26e30d\" data-element_type=\"widget\" data-widget_type=\"text-editor.default\">\n\t\t\t\t<div class=\"elementor-widget-container\">\n\t\t\t\t\t\t\t\t\tDescubra usted la soluci\u00f3n adecuada para las necesidades \u00fanicas de su negocio e industria.\t\t\t\t\t\t\t\t<\/div>\n\t\t\t\t<\/div>\n\t\t<div class=\"elementor-element elementor-element-8bb1588 e-con-full e-flex e-con e-child\" data-id=\"8bb1588\" data-element_type=\"container\">\n\t\t\t\t<div class=\"elementor-element elementor-element-d2b7baa yellow-btn elementor-align-left elementor-widget__width-initial elementor-mobile-align-left elementor-widget elementor-widget-button\" data-id=\"d2b7baa\" data-element_type=\"widget\" data-widget_type=\"button.default\">\n\t\t\t\t<div class=\"elementor-widget-container\">\n\t\t\t\t\t\t\t\t\t<div class=\"elementor-button-wrapper\">\n\t\t\t\t\t<a class=\"elementor-button elementor-button-link elementor-size-sm\" href=\"https:\/\/www.fleetcomplete.com\/es\/solicite-una-demostracion\/\">\n\t\t\t\t\t\t<span class=\"elementor-button-content-wrapper\">\n\t\t\t\t\t\t\t\t\t<span class=\"elementor-button-text\">Solicite una demostraci\u00f3n<\/span>\n\t\t\t\t\t<\/span>\n\t\t\t\t\t<\/a>\n\t\t\t\t<\/div>\n\t\t\t\t\t\t\t\t<\/div>\n\t\t\t\t<\/div>\n\t\t\t\t<div class=\"elementor-element elementor-element-28f1f2e whiteline-btn elementor-align-left elementor-widget-mobile__width-initial elementor-widget__width-initial elementor-widget elementor-widget-button\" data-id=\"28f1f2e\" data-element_type=\"widget\" data-widget_type=\"button.default\">\n\t\t\t\t<div class=\"elementor-widget-container\">\n\t\t\t\t\t\t\t\t\t<div class=\"elementor-button-wrapper\">\n\t\t\t\t\t<a class=\"elementor-button elementor-button-link elementor-size-sm\" href=\"https:\/\/www.fleetcomplete.com\/es\/paquetes-de-suscripcion\/\">\n\t\t\t\t\t\t<span class=\"elementor-button-content-wrapper\">\n\t\t\t\t\t\t\t\t\t<span class=\"elementor-button-text\">Consulte los planes<\/span>\n\t\t\t\t\t<\/span>\n\t\t\t\t\t<\/a>\n\t\t\t\t<\/div>\n\t\t\t\t\t\t\t\t<\/div>\n\t\t\t\t<\/div>\n\t\t\t\t<\/div>\n\t\t\t\t<\/div>\n\t\t<div class=\"elementor-element elementor-element-6793c33 e-con-full elementor-hidden-mobile_extra elementor-hidden-mobile e-flex e-con e-child\" data-id=\"6793c33\" data-element_type=\"container\">\n\t\t\t\t<\/div>\n\t\t\t\t\t<\/div>\n\t\t\t\t<\/div>\n\t\t<div class=\"elementor-element elementor-element-bf9df8d e-flex e-con-boxed e-con e-parent\" data-id=\"bf9df8d\" data-element_type=\"container\" data-settings=\"{&quot;background_background&quot;:&quot;classic&quot;}\">\n\t\t\t\t\t<div class=\"e-con-inner\">\n\t\t\t\t<div class=\"elementor-element elementor-element-333d7a3 elementor-widget elementor-widget-heading\" data-id=\"333d7a3\" data-element_type=\"widget\" data-widget_type=\"heading.default\">\n\t\t\t\t<div class=\"elementor-widget-container\">\n\t\t\t\t\t<h2 class=\"elementor-heading-title elementor-size-default\">Soluciones para cada Industria <\/h2>\t\t\t\t<\/div>\n\t\t\t\t<\/div>\n\t\t<div class=\"elementor-element elementor-element-df67b8a e-grid key-features e-con-boxed e-con e-child\" data-id=\"df67b8a\" data-element_type=\"container\">\n\t\t\t\t\t<div class=\"e-con-inner\">\n\t\t\t\t<div class=\"elementor-element elementor-element-953c24f elementor-position-top elementor-widget elementor-widget-image-box\" data-id=\"953c24f\" data-element_type=\"widget\" data-widget_type=\"image-box.default\">\n\t\t\t\t<div class=\"elementor-widget-container\">\n\t\t\t\t\t<div class=\"elementor-image-box-wrapper\"><figure class=\"elementor-image-box-img\"><a href=\"https:\/\/www.fleetcomplete.com\/es\/industrias\/transporte-y-logistica\/\" tabindex=\"-1\"><img decoding=\"async\" src=\"https:\/\/www.fleetcomplete.com\/wp-content\/uploads\/2025\/05\/Transport-icon-green.svg\" class=\"attachment-full size-full wp-image-9153\" alt=\"\" \/><\/a><\/figure><div class=\"elementor-image-box-content\"><h3 class=\"elementor-image-box-title\"><a href=\"https:\/\/www.fleetcomplete.com\/es\/industrias\/transporte-y-logistica\/\">Transporte y Log\u00edstica <\/a><\/h3><p class=\"elementor-image-box-description\">Gestione en tiempo real el seguimiento de veh\u00edculos y activos, la optimizaci\u00f3n del combustible, la condici\u00f3n del veh\u00edculo y la programaci\u00f3n de mantenimiento, la seguridad del conductor, el cumplimiento y m\u00e1s. <br \/><br \/>\n<a href=\"\/es\/industrias\/transporte-y-logistica\/\" class=\"arrow-next lightbcolor nounderline\">Aprenda m\u00e1s<\/a><\/p><\/div><\/div>\t\t\t\t<\/div>\n\t\t\t\t<\/div>\n\t\t\t\t<div class=\"elementor-element elementor-element-20c886d elementor-position-top elementor-widget elementor-widget-image-box\" data-id=\"20c886d\" data-element_type=\"widget\" data-widget_type=\"image-box.default\">\n\t\t\t\t<div class=\"elementor-widget-container\">\n\t\t\t\t\t<div class=\"elementor-image-box-wrapper\"><figure class=\"elementor-image-box-img\"><a href=\"https:\/\/www.fleetcomplete.com\/es\/industrias\/mensajeria-y-entrega\/\" tabindex=\"-1\"><img decoding=\"async\" src=\"https:\/\/www.fleetcomplete.com\/wp-content\/uploads\/2024\/03\/Courier-Delivery-icon-green.svg\" class=\"attachment-full size-full wp-image-8475\" alt=\"\" \/><\/a><\/figure><div class=\"elementor-image-box-content\"><h3 class=\"elementor-image-box-title\"><a href=\"https:\/\/www.fleetcomplete.com\/es\/industrias\/mensajeria-y-entrega\/\">Mensajer\u00eda y entregas <\/a><\/h3><p class=\"elementor-image-box-description\">Acomode sin esfuerzo las prioridades cambiantes y tome decisiones r\u00e1pidas con base en los datos, para mantenerse competitivo en una industria de ritmo acelerado. <br \/><br \/>\n<a href=\"\/es\/industrias\/mensajeria-y-entrega\/\" class=\"arrow-next lightbcolor nounderline\">Aprenda m\u00e1s<\/a><\/p><\/div><\/div>\t\t\t\t<\/div>\n\t\t\t\t<\/div>\n\t\t\t\t<div class=\"elementor-element elementor-element-ff64729 elementor-position-top elementor-widget elementor-widget-image-box\" data-id=\"ff64729\" data-element_type=\"widget\" data-widget_type=\"image-box.default\">\n\t\t\t\t<div class=\"elementor-widget-container\">\n\t\t\t\t\t<div class=\"elementor-image-box-wrapper\"><figure class=\"elementor-image-box-img\"><a href=\"https:\/\/www.fleetcomplete.com\/es\/industrias\/construccion\/\" tabindex=\"-1\"><img decoding=\"async\" src=\"https:\/\/www.fleetcomplete.com\/wp-content\/uploads\/2024\/04\/Construction-icon-green.svg\" class=\"attachment-full size-full wp-image-8632\" alt=\"\" \/><\/a><\/figure><div class=\"elementor-image-box-content\"><h3 class=\"elementor-image-box-title\"><a href=\"https:\/\/www.fleetcomplete.com\/es\/industrias\/construccion\/\">Construcci\u00f3n<\/a><\/h3><p class=\"elementor-image-box-description\">Optimice las operaciones de su flota mixta para agilizar los flujos de trabajo y mejorar la seguridad de los conductores de su flota, el mantenimiento de veh\u00edculos y la gesti\u00f3n del sitio en general.<br \/><br \/>\n<a href=\"\/es\/industrias\/construccion\/\" class=\"arrow-next lightbcolor nounderline\">Aprenda m\u00e1s<\/a><\/p><\/div><\/div>\t\t\t\t<\/div>\n\t\t\t\t<\/div>\n\t\t\t\t<div class=\"elementor-element elementor-element-f47a0a5 elementor-position-top elementor-widget elementor-widget-image-box\" data-id=\"f47a0a5\" data-element_type=\"widget\" data-widget_type=\"image-box.default\">\n\t\t\t\t<div class=\"elementor-widget-container\">\n\t\t\t\t\t<div class=\"elementor-image-box-wrapper\"><figure class=\"elementor-image-box-img\"><a href=\"https:\/\/www.fleetcomplete.com\/es\/industrias\/gobierno\/\" tabindex=\"-1\"><img decoding=\"async\" src=\"https:\/\/www.fleetcomplete.com\/wp-content\/uploads\/2024\/04\/Government-icon-green.svg\" class=\"attachment-full size-full wp-image-8749\" alt=\"\" \/><\/a><\/figure><div class=\"elementor-image-box-content\"><h3 class=\"elementor-image-box-title\"><a href=\"https:\/\/www.fleetcomplete.com\/es\/industrias\/gobierno\/\">Flota Gubernamental <\/a><\/h3><p class=\"elementor-image-box-description\">Desbloquee soluciones telem\u00e1ticas avanzadas que optimizan el rendimiento de los veh\u00edculos, aumentan la eficiencia operativa y garantizan el cumplimiento de las normativas. br \/&gt;<br \/>\n<a href=\"\/es\/industrias\/gobierno\/\" class=\"arrow-next lightbcolor nounderline\">Aprenda m\u00e1s<\/a><\/p><\/div><\/div>\t\t\t\t<\/div>\n\t\t\t\t<\/div>\n\t\t\t\t<div class=\"elementor-element elementor-element-dcee7ba elementor-position-top elementor-widget elementor-widget-image-box\" data-id=\"dcee7ba\" data-element_type=\"widget\" data-widget_type=\"image-box.default\">\n\t\t\t\t<div class=\"elementor-widget-container\">\n\t\t\t\t\t<div class=\"elementor-image-box-wrapper\"><figure class=\"elementor-image-box-img\"><a href=\"https:\/\/www.fleetcomplete.com\/es\/industrias\/petroleo-gas-y-mineria\/\" tabindex=\"-1\"><img decoding=\"async\" src=\"https:\/\/www.fleetcomplete.com\/wp-content\/uploads\/2024\/04\/Oil-Gas-Mining-icon-green.svg\" class=\"attachment-full size-full wp-image-8836\" alt=\"\" \/><\/a><\/figure><div class=\"elementor-image-box-content\"><h3 class=\"elementor-image-box-title\"><a href=\"https:\/\/www.fleetcomplete.com\/es\/industrias\/petroleo-gas-y-mineria\/\">Petr\u00f3leo, gas y miner\u00eda<\/a><\/h3><p class=\"elementor-image-box-description\">Proteja su flota, empleados y su sitio de trabajo con soluciones de seguimiento GPS de flotas y activos, seguridad de los conductores, cumplimiento, despacho de emergencia y m\u00e1s, adaptadas a la industria. <br \/><br \/>\n<a href=\"\/es\/industrias\/petroleo-gas-y-mineria\/\" class=\"arrow-next lightbcolor nounderline\">Aprenda m\u00e1s<\/a><\/p><\/div><\/div>\t\t\t\t<\/div>\n\t\t\t\t<\/div>\n\t\t\t\t<div class=\"elementor-element elementor-element-68ff5c8 elementor-position-top elementor-widget elementor-widget-image-box\" data-id=\"68ff5c8\" data-element_type=\"widget\" data-widget_type=\"image-box.default\">\n\t\t\t\t<div class=\"elementor-widget-container\">\n\t\t\t\t\t<div class=\"elementor-image-box-wrapper\"><figure class=\"elementor-image-box-img\"><a href=\"https:\/\/www.fleetcomplete.com\/es\/industrias\/leasing-y-alquiler\/\" tabindex=\"-1\"><img decoding=\"async\" src=\"https:\/\/www.fleetcomplete.com\/wp-content\/uploads\/2025\/05\/Leasin_icon-green.svg\" class=\"attachment-full size-full wp-image-9150\" alt=\"\" \/><\/a><\/figure><div class=\"elementor-image-box-content\"><h3 class=\"elementor-image-box-title\"><a href=\"https:\/\/www.fleetcomplete.com\/es\/industrias\/leasing-y-alquiler\/\">Leasing y alquiler<\/a><\/h3><p class=\"elementor-image-box-description\">Transforme sus operaciones de alquiler y arrendamiento de flotas con la seguridad del conductor, la utilizaci\u00f3n de veh\u00edculos, diagn\u00f3sticos de motor, programaci\u00f3n de mantenimiento, seguridad del conductor y telem\u00e1tica OEM. <br \/><br \/>\n<a href=\"\/es\/industrias\/leasing-y-alquiler\/\" class=\"arrow-next lightbcolor nounderline\">Aprenda m\u00e1s<\/a><\/p><\/div><\/div>\t\t\t\t<\/div>\n\t\t\t\t<\/div>\n\t\t\t\t\t<\/div>\n\t\t\t\t<\/div>\n\t\t\t\t\t<\/div>\n\t\t\t\t<\/div>\n\t\t<div class=\"elementor-element elementor-element-4166704 cta-section e-flex e-con-boxed e-con e-parent\" data-id=\"4166704\" data-element_type=\"container\">\n\t\t\t\t\t<div class=\"e-con-inner\">\n\t\t\t\t<div class=\"elementor-element elementor-element-e6d14e2 elementor-widget__width-initial elementor-widget elementor-widget-heading\" data-id=\"e6d14e2\" data-element_type=\"widget\" data-widget_type=\"heading.default\">\n\t\t\t\t<div class=\"elementor-widget-container\">\n\t\t\t\t\t<h3 class=\"elementor-heading-title elementor-size-default\">\u00bfListo para comenzar? <\/h3>\t\t\t\t<\/div>\n\t\t\t\t<\/div>\n\t\t<div class=\"elementor-element elementor-element-7fb4e3b e-con-full e-flex e-con e-child\" data-id=\"7fb4e3b\" data-element_type=\"container\">\n\t\t\t\t<div class=\"elementor-element elementor-element-0977812 elementor-align-center elementor-widget__width-initial yellow-btn elementor-widget elementor-widget-button\" data-id=\"0977812\" data-element_type=\"widget\" data-widget_type=\"button.default\">\n\t\t\t\t<div class=\"elementor-widget-container\">\n\t\t\t\t\t\t\t\t\t<div class=\"elementor-button-wrapper\">\n\t\t\t\t\t<a class=\"elementor-button elementor-button-link elementor-size-sm\" href=\"https:\/\/www.fleetcomplete.com\/es\/solicite-una-demostracion\/\">\n\t\t\t\t\t\t<span class=\"elementor-button-content-wrapper\">\n\t\t\t\t\t\t\t\t\t<span class=\"elementor-button-text\">Solicite una demostraci\u00f3n<\/span>\n\t\t\t\t\t<\/span>\n\t\t\t\t\t<\/a>\n\t\t\t\t<\/div>\n\t\t\t\t\t\t\t\t<\/div>\n\t\t\t\t<\/div>\n\t\t\t\t<div class=\"elementor-element elementor-element-f55ebb0 elementor-align-center elementor-widget__width-initial greenline-btn elementor-widget elementor-widget-button\" data-id=\"f55ebb0\" data-element_type=\"widget\" data-widget_type=\"button.default\">\n\t\t\t\t<div class=\"elementor-widget-container\">\n\t\t\t\t\t\t\t\t\t<div class=\"elementor-button-wrapper\">\n\t\t\t\t\t<a class=\"elementor-button elementor-button-link elementor-size-sm\" href=\"https:\/\/www.fleetcomplete.com\/es\/compania\/contacto\/\">\n\t\t\t\t\t\t<span class=\"elementor-button-content-wrapper\">\n\t\t\t\t\t\t\t\t\t<span class=\"elementor-button-text\">Contact us<\/span>\n\t\t\t\t\t<\/span>\n\t\t\t\t\t<\/a>\n\t\t\t\t<\/div>\n\t\t\t\t\t\t\t\t<\/div>\n\t\t\t\t<\/div>\n\t\t\t\t<\/div>\n\t\t\t\t\t<\/div>\n\t\t\t\t<\/div>\n\t\t\t\t<\/div>\n\t\t","protected":false},"excerpt":{"rendered":"<p>Fleet Complete ofrece la pr\u00f3xima generaci\u00f3n de soluciones de flotas conectadas. Descubra usted la soluci\u00f3n adecuada para las necesidades \u00fanicas de su negocio e industria. Solicite una demostraci\u00f3n Consulte los planes Soluciones para cada Industria Transporte y Log\u00edstica Gestione en tiempo real el seguimiento de veh\u00edculos y activos, la optimizaci\u00f3n del combustible, la condici\u00f3n del [&hellip;]<\/p>\n","protected":false},"author":1,"featured_media":4758,"parent":0,"menu_order":0,"comment_status":"closed","ping_status":"closed","template":"","meta":{"_acf_changed":false,"footnotes":""},"class_list":["post-6508","page","type-page","status-publish","has-post-thumbnail","hentry"],"acf":[],"yoast_head":"<!-- This site is optimized with the Yoast SEO plugin v26.2 - https:\/\/yoast.com\/wordpress\/plugins\/seo\/ -->\n<title>Gesti\u00f3n de Flotas para cada industria - Powerfleet (antes Fleet Complete)<\/title>\n<meta name=\"description\" content=\"Encuentre la soluci\u00f3n de gesti\u00f3n de flotas adecuada para su industria. Optimice la eficiencia, seguridad, cumplimiento y sustentabilidad de su flota.\" \/>\n<meta name=\"robots\" content=\"index, follow, max-snippet:-1, max-image-preview:large, max-video-preview:-1\" \/>\n<link rel=\"canonical\" href=\"https:\/\/www.fleetcomplete.com\/es\/industria\/\" \/>\n<meta property=\"og:locale\" content=\"es_ES\" \/>\n<meta property=\"og:type\" content=\"article\" \/>\n<meta property=\"og:title\" content=\"Gesti\u00f3n de Flotas para cada industria - Powerfleet (antes Fleet Complete)\" \/>\n<meta property=\"og:description\" content=\"Encuentre la soluci\u00f3n de gesti\u00f3n de flotas adecuada para su industria. Optimice la eficiencia, seguridad, cumplimiento y sustentabilidad de su flota.\" \/>\n<meta property=\"og:url\" content=\"https:\/\/www.fleetcomplete.com\/es\/industria\/\" \/>\n<meta property=\"og:site_name\" content=\"Powerfleet (formerly Fleet Complete)\" \/>\n<meta property=\"article:publisher\" content=\"https:\/\/www.facebook.com\/FleetComplete\/\" \/>\n<meta property=\"article:modified_time\" content=\"2025-08-21T14:42:47+00:00\" \/>\n<meta property=\"og:image\" content=\"https:\/\/www.fleetcomplete.com\/wp-content\/uploads\/2023\/09\/FCWebtoFCHub-Banner.png\" \/>\n\t<meta property=\"og:image:width\" content=\"632\" \/>\n\t<meta property=\"og:image:height\" content=\"476\" \/>\n\t<meta property=\"og:image:type\" content=\"image\/png\" \/>\n<meta name=\"twitter:card\" content=\"summary_large_image\" \/>\n<meta name=\"twitter:site\" content=\"@fleetcomplete\" \/>\n<script type=\"application\/ld+json\" class=\"yoast-schema-graph\">{\"@context\":\"https:\/\/schema.org\",\"@graph\":[{\"@type\":\"WebPage\",\"@id\":\"https:\/\/www.fleetcomplete.com\/es\/industria\/\",\"url\":\"https:\/\/www.fleetcomplete.com\/es\/industria\/\",\"name\":\"Gesti\u00f3n de Flotas para cada industria - Powerfleet (antes Fleet Complete)\",\"isPartOf\":{\"@id\":\"https:\/\/www.fleetcomplete.com\/es\/#website\"},\"primaryImageOfPage\":{\"@id\":\"https:\/\/www.fleetcomplete.com\/es\/industria\/#primaryimage\"},\"image\":{\"@id\":\"https:\/\/www.fleetcomplete.com\/es\/industria\/#primaryimage\"},\"thumbnailUrl\":\"https:\/\/www.fleetcomplete.com\/wp-content\/uploads\/2023\/09\/FCWebtoFCHub-Banner.png\",\"datePublished\":\"2024-05-19T14:40:17+00:00\",\"dateModified\":\"2025-08-21T14:42:47+00:00\",\"description\":\"Encuentre la soluci\u00f3n de gesti\u00f3n de flotas adecuada para su industria. Optimice la eficiencia, seguridad, cumplimiento y sustentabilidad de su flota.\",\"breadcrumb\":{\"@id\":\"https:\/\/www.fleetcomplete.com\/es\/industria\/#breadcrumb\"},\"inLanguage\":\"es\",\"potentialAction\":[{\"@type\":\"ReadAction\",\"target\":[\"https:\/\/www.fleetcomplete.com\/es\/industria\/\"]}]},{\"@type\":\"ImageObject\",\"inLanguage\":\"es\",\"@id\":\"https:\/\/www.fleetcomplete.com\/es\/industria\/#primaryimage\",\"url\":\"https:\/\/www.fleetcomplete.com\/wp-content\/uploads\/2023\/09\/FCWebtoFCHub-Banner.png\",\"contentUrl\":\"https:\/\/www.fleetcomplete.com\/wp-content\/uploads\/2023\/09\/FCWebtoFCHub-Banner.png\",\"width\":632,\"height\":476},{\"@type\":\"BreadcrumbList\",\"@id\":\"https:\/\/www.fleetcomplete.com\/es\/industria\/#breadcrumb\",\"itemListElement\":[{\"@type\":\"ListItem\",\"position\":1,\"name\":\"Home\",\"item\":\"https:\/\/www.fleetcomplete.com\/es\/\"},{\"@type\":\"ListItem\",\"position\":2,\"name\":\"Industrias\"}]},{\"@type\":\"WebSite\",\"@id\":\"https:\/\/www.fleetcomplete.com\/es\/#website\",\"url\":\"https:\/\/www.fleetcomplete.com\/es\/\",\"name\":\"Fleet Complete\",\"description\":\"One Platform. All Your Fleet Management Needs.\",\"publisher\":{\"@id\":\"https:\/\/www.fleetcomplete.com\/es\/#organization\"},\"potentialAction\":[{\"@type\":\"SearchAction\",\"target\":{\"@type\":\"EntryPoint\",\"urlTemplate\":\"https:\/\/www.fleetcomplete.com\/es\/?s={search_term_string}\"},\"query-input\":{\"@type\":\"PropertyValueSpecification\",\"valueRequired\":true,\"valueName\":\"search_term_string\"}}],\"inLanguage\":\"es\"},{\"@type\":\"Organization\",\"@id\":\"https:\/\/www.fleetcomplete.com\/es\/#organization\",\"name\":\"Fleet Complete\",\"alternateName\":\"Complete Innovations, Inc.\",\"url\":\"https:\/\/www.fleetcomplete.com\/es\/\",\"logo\":{\"@type\":\"ImageObject\",\"inLanguage\":\"es\",\"@id\":\"https:\/\/www.fleetcomplete.com\/es\/#\/schema\/logo\/image\/\",\"url\":\"https:\/\/www.fleetcomplete.com\/wp-content\/uploads\/2024\/12\/Favicon-300x300-px.png\",\"contentUrl\":\"https:\/\/www.fleetcomplete.com\/wp-content\/uploads\/2024\/12\/Favicon-300x300-px.png\",\"width\":300,\"height\":300,\"caption\":\"Fleet Complete\"},\"image\":{\"@id\":\"https:\/\/www.fleetcomplete.com\/es\/#\/schema\/logo\/image\/\"},\"sameAs\":[\"https:\/\/www.facebook.com\/FleetComplete\/\",\"https:\/\/x.com\/fleetcomplete\",\"https:\/\/www.linkedin.com\/company\/fleet-complete\",\"https:\/\/www.youtube.com\/channel\/UClWuYTa30kd_kMGWuX2RNGQ\"]}]}<\/script>\n<!-- \/ Yoast SEO plugin. -->","yoast_head_json":{"title":"Gesti\u00f3n de Flotas para cada industria - Powerfleet (antes Fleet Complete)","description":"Encuentre la soluci\u00f3n de gesti\u00f3n de flotas adecuada para su industria. Optimice la eficiencia, seguridad, cumplimiento y sustentabilidad de su flota.","robots":{"index":"index","follow":"follow","max-snippet":"max-snippet:-1","max-image-preview":"max-image-preview:large","max-video-preview":"max-video-preview:-1"},"canonical":"https:\/\/www.fleetcomplete.com\/es\/industria\/","og_locale":"es_ES","og_type":"article","og_title":"Gesti\u00f3n de Flotas para cada industria - Powerfleet (antes Fleet Complete)","og_description":"Encuentre la soluci\u00f3n de gesti\u00f3n de flotas adecuada para su industria. Optimice la eficiencia, seguridad, cumplimiento y sustentabilidad de su flota.","og_url":"https:\/\/www.fleetcomplete.com\/es\/industria\/","og_site_name":"Powerfleet (formerly Fleet Complete)","article_publisher":"https:\/\/www.facebook.com\/FleetComplete\/","article_modified_time":"2025-08-21T14:42:47+00:00","og_image":[{"width":632,"height":476,"url":"https:\/\/www.fleetcomplete.com\/wp-content\/uploads\/2023\/09\/FCWebtoFCHub-Banner.png","type":"image\/png"}],"twitter_card":"summary_large_image","twitter_site":"@fleetcomplete","schema":{"@context":"https:\/\/schema.org","@graph":[{"@type":"WebPage","@id":"https:\/\/www.fleetcomplete.com\/es\/industria\/","url":"https:\/\/www.fleetcomplete.com\/es\/industria\/","name":"Gesti\u00f3n de Flotas para cada industria - Powerfleet (antes Fleet Complete)","isPartOf":{"@id":"https:\/\/www.fleetcomplete.com\/es\/#website"},"primaryImageOfPage":{"@id":"https:\/\/www.fleetcomplete.com\/es\/industria\/#primaryimage"},"image":{"@id":"https:\/\/www.fleetcomplete.com\/es\/industria\/#primaryimage"},"thumbnailUrl":"https:\/\/www.fleetcomplete.com\/wp-content\/uploads\/2023\/09\/FCWebtoFCHub-Banner.png","datePublished":"2024-05-19T14:40:17+00:00","dateModified":"2025-08-21T14:42:47+00:00","description":"Encuentre la soluci\u00f3n de gesti\u00f3n de flotas adecuada para su industria. Optimice la eficiencia, seguridad, cumplimiento y sustentabilidad de su flota.","breadcrumb":{"@id":"https:\/\/www.fleetcomplete.com\/es\/industria\/#breadcrumb"},"inLanguage":"es","potentialAction":[{"@type":"ReadAction","target":["https:\/\/www.fleetcomplete.com\/es\/industria\/"]}]},{"@type":"ImageObject","inLanguage":"es","@id":"https:\/\/www.fleetcomplete.com\/es\/industria\/#primaryimage","url":"https:\/\/www.fleetcomplete.com\/wp-content\/uploads\/2023\/09\/FCWebtoFCHub-Banner.png","contentUrl":"https:\/\/www.fleetcomplete.com\/wp-content\/uploads\/2023\/09\/FCWebtoFCHub-Banner.png","width":632,"height":476},{"@type":"BreadcrumbList","@id":"https:\/\/www.fleetcomplete.com\/es\/industria\/#breadcrumb","itemListElement":[{"@type":"ListItem","position":1,"name":"Home","item":"https:\/\/www.fleetcomplete.com\/es\/"},{"@type":"ListItem","position":2,"name":"Industrias"}]},{"@type":"WebSite","@id":"https:\/\/www.fleetcomplete.com\/es\/#website","url":"https:\/\/www.fleetcomplete.com\/es\/","name":"Fleet Complete","description":"One Platform. All Your Fleet Management Needs.","publisher":{"@id":"https:\/\/www.fleetcomplete.com\/es\/#organization"},"potentialAction":[{"@type":"SearchAction","target":{"@type":"EntryPoint","urlTemplate":"https:\/\/www.fleetcomplete.com\/es\/?s={search_term_string}"},"query-input":{"@type":"PropertyValueSpecification","valueRequired":true,"valueName":"search_term_string"}}],"inLanguage":"es"},{"@type":"Organization","@id":"https:\/\/www.fleetcomplete.com\/es\/#organization","name":"Fleet Complete","alternateName":"Complete Innovations, Inc.","url":"https:\/\/www.fleetcomplete.com\/es\/","logo":{"@type":"ImageObject","inLanguage":"es","@id":"https:\/\/www.fleetcomplete.com\/es\/#\/schema\/logo\/image\/","url":"https:\/\/www.fleetcomplete.com\/wp-content\/uploads\/2024\/12\/Favicon-300x300-px.png","contentUrl":"https:\/\/www.fleetcomplete.com\/wp-content\/uploads\/2024\/12\/Favicon-300x300-px.png","width":300,"height":300,"caption":"Fleet Complete"},"image":{"@id":"https:\/\/www.fleetcomplete.com\/es\/#\/schema\/logo\/image\/"},"sameAs":["https:\/\/www.facebook.com\/FleetComplete\/","https:\/\/x.com\/fleetcomplete","https:\/\/www.linkedin.com\/company\/fleet-complete","https:\/\/www.youtube.com\/channel\/UClWuYTa30kd_kMGWuX2RNGQ"]}]}},"_links":{"self":[{"href":"https:\/\/www.fleetcomplete.com\/es\/wp-json\/wp\/v2\/pages\/6508","targetHints":{"allow":["GET"]}}],"collection":[{"href":"https:\/\/www.fleetcomplete.com\/es\/wp-json\/wp\/v2\/pages"}],"about":[{"href":"https:\/\/www.fleetcomplete.com\/es\/wp-json\/wp\/v2\/types\/page"}],"author":[{"embeddable":true,"href":"https:\/\/www.fleetcomplete.com\/es\/wp-json\/wp\/v2\/users\/1"}],"replies":[{"embeddable":true,"href":"https:\/\/www.fleetcomplete.com\/es\/wp-json\/wp\/v2\/comments?post=6508"}],"version-history":[{"count":0,"href":"https:\/\/www.fleetcomplete.com\/es\/wp-json\/wp\/v2\/pages\/6508\/revisions"}],"wp:featuredmedia":[{"embeddable":true,"href":"https:\/\/www.fleetcomplete.com\/es\/wp-json\/wp\/v2\/media\/4758"}],"wp:attachment":[{"href":"https:\/\/www.fleetcomplete.com\/es\/wp-json\/wp\/v2\/media?parent=6508"}],"curies":[{"name":"wp","href":"https:\/\/api.w.org\/{rel}","templated":true}]}}